{"id":66,"date":"2024-06-19T19:40:10","date_gmt":"2024-06-19T17:40:10","guid":{"rendered":"https:\/\/smoojoe.eu\/?page_id=66"},"modified":"2025-11-15T18:27:55","modified_gmt":"2025-11-15T17:27:55","slug":"imprint","status":"publish","type":"page","link":"https:\/\/www.smoojoe.com\/en\/impressum\/","title":{"rendered":"Legal Notice"},"content":{"rendered":"<div data-elementor-type=\"wp-page\" data-elementor-id=\"66\" class=\"elementor elementor-66\" data-elementor-post-type=\"page\">\n\t\t\t\t<div class=\"elementor-element elementor-element-40a7efd e-flex e-con-boxed e-con e-parent\" data-id=\"40a7efd\" data-element_type=\"container\" data-e-type=\"container\" data-settings=\"{&quot;background_background&quot;:&quot;gradient&quot;}\">\n\t\t\t\t\t<div class=\"e-con-inner\">\n\t\t\t\t<div class=\"elementor-element elementor-element-de365e8 elementor-widget elementor-widget-heading\" data-id=\"de365e8\" data-element_type=\"widget\" data-e-type=\"widget\" data-widget_type=\"heading.default\">\n\t\t\t\t<div class=\"elementor-widget-container\">\n\t\t\t\t\t<h1 class=\"elementor-heading-title elementor-size-default\">Legal Notice<\/h1>\t\t\t\t<\/div>\n\t\t\t\t<\/div>\n\t\t\t\t\t<\/div>\n\t\t\t\t<\/div>\n\t\t<div class=\"elementor-element elementor-element-5f82cc0 e-flex e-con-boxed e-con e-parent\" data-id=\"5f82cc0\" data-element_type=\"container\" data-e-type=\"container\" data-settings=\"{&quot;background_background&quot;:&quot;classic&quot;}\">\n\t\t\t\t\t<div class=\"e-con-inner\">\n\t\t<div class=\"elementor-element elementor-element-d9a14fb e-con-full e-flex e-con e-child\" data-id=\"d9a14fb\" data-element_type=\"container\" data-e-type=\"container\">\n\t\t\t\t<div class=\"elementor-element elementor-element-0909e11 elementor-widget elementor-widget-text-editor\" data-id=\"0909e11\" data-element_type=\"widget\" data-e-type=\"widget\" data-widget_type=\"text-editor.default\">\n\t\t\t\t<div class=\"elementor-widget-container\">\n\t\t\t\t\t\t\t\t\t<h2>Fugen Franz GmbH<\/h2>\n<p>Otto-Hahn-Str. 4<br>97204 H\u00f6chberg<\/p>\n<p>Phone: +49 931 40480750<br>Fax: +49 931 408999<\/p>\n<p>Email:<a href=\"mailto:kontakt@fugen-franz.de\"> kontakt@fugen-franz.de<\/a><br>Website: <a href=\"http:\/\/www.fugen-franz.de\" target=\"_blank\" rel=\"noopener\">www.fugen-franz.de<\/a><\/p>\n<p>Managing Director: Alexander Franz<\/p>\t\t\t\t\t\t\t\t<\/div>\n\t\t\t\t<\/div>\n\t\t\t\t<div class=\"elementor-element elementor-element-b34bbcc elementor-widget elementor-widget-text-editor\" data-id=\"b34bbcc\" data-element_type=\"widget\" data-e-type=\"widget\" data-widget_type=\"text-editor.default\">\n\t\t\t\t<div class=\"elementor-widget-container\">\n\t\t\t\t\t\t\t\t\t<h4>Registration Details<\/h4><p>Commercial Register Number: Section B No. 5524<br \/>Document Number: S-922\/98<br \/>Registered Office: W\u00fcrzburg<br \/>Responsible Party: Alexander Franz<br \/>Register Court: District Court of W\u00fcrzburg<\/p><p>VAT Identification Number in accordance with \u00a7 27a German VAT Act: DE 174175484<\/p>\t\t\t\t\t\t\t\t<\/div>\n\t\t\t\t<\/div>\n\t\t\t\t<div class=\"elementor-element elementor-element-34dd72c elementor-widget elementor-widget-text-editor\" data-id=\"34dd72c\" data-element_type=\"widget\" data-e-type=\"widget\" data-widget_type=\"text-editor.default\">\n\t\t\t\t<div class=\"elementor-widget-container\">\n\t\t\t\t\t\t\t\t\t<p>SMOOJOE is a brand of Fugen Franz GmbH<\/p>\t\t\t\t\t\t\t\t<\/div>\n\t\t\t\t<\/div>\n\t\t\t\t<div class=\"elementor-element elementor-element-4d4859e elementor-widget elementor-widget-text-editor\" data-id=\"4d4859e\" data-element_type=\"widget\" data-e-type=\"widget\" data-widget_type=\"text-editor.default\">\n\t\t\t\t<div class=\"elementor-widget-container\">\n\t\t\t\t\t\t\t\t\t<h4>Webdesign \u00b7 Content Development \u00b7 Editorial Work<\/h4><p>Michelle Amthor<br \/><a href=\"https:\/\/www.michelleamthor.com\" target=\"_blank\" rel=\"noopener\">www.michelleamthor.com<\/a><\/p>\t\t\t\t\t\t\t\t<\/div>\n\t\t\t\t<\/div>\n\t\t\t\t<div class=\"elementor-element elementor-element-945efcd elementor-widget elementor-widget-text-editor\" data-id=\"945efcd\" data-element_type=\"widget\" data-e-type=\"widget\" data-widget_type=\"text-editor.default\">\n\t\t\t\t<div class=\"elementor-widget-container\">\n\t\t\t\t\t\t\t\t\t<h4>Product Photography<\/h4><p>Daniela H\u00fctter Photodesign <br \/><a href=\"https:\/\/www.daniela-huetter.de\/\" target=\"_blank\" rel=\"noopener\">www.daniela-huetter.de<\/a><\/p>\t\t\t\t\t\t\t\t<\/div>\n\t\t\t\t<\/div>\n\t\t\t\t<\/div>\n\t\t<div class=\"elementor-element elementor-element-af430ce e-con-full e-flex e-con e-child\" data-id=\"af430ce\" data-element_type=\"container\" data-e-type=\"container\">\n\t\t\t\t<div class=\"elementor-element elementor-element-566508d elementor-widget elementor-widget-text-editor\" data-id=\"566508d\" data-element_type=\"widget\" data-e-type=\"widget\" data-widget_type=\"text-editor.default\">\n\t\t\t\t<div class=\"elementor-widget-container\">\n\t\t\t\t\t\t\t\t\t<h4>Disclaimer<\/h4><p>Fugen Franz GmbH assumes no liability for the accuracy, completeness, or timeliness of the information provided on this website, or for uninterrupted access at all times.<\/p><p>If links to external websites are provided, Fugen Franz GmbH does not accept responsibility for the content of these third-party sites, despite careful content control. The responsibility for the content of linked pages lies solely with their respective operators. Clicking on such links means you are leaving the information offering of Fugen Franz GmbH.<\/p><p>Different provisions may apply to third-party content, particularly regarding data protection. Fugen Franz GmbH also excludes liability for services, especially for the download of files provided by Fugen Franz GmbH on its websites.<\/p>\t\t\t\t\t\t\t\t<\/div>\n\t\t\t\t<\/div>\n\t\t\t\t<\/div>\n\t\t\t\t\t<\/div>\n\t\t\t\t<\/div>\n\t\t\t\t<\/div>","protected":false},"excerpt":{"rendered":"<p>Impressum Fugen Franz GmbH Otto-Hahn-Str. 497204 H\u00f6chberg Tel.: +49 931 40480750Fax: +49 931 408999 E-Mail: kontakt@fugen-franz.deWebsite: www.fugen-franz.de Gesch\u00e4ftsf\u00fchrer: Alexander Franz Eintragung Handelsregisternummer: Abteilung B Nr. 5524Urkundennummer: S-922\/98Sitz der Fugen Franz GmbH ist W\u00fcrzburgVerantwortlicher: Alexander FranzRegistergericht: Amtsgericht W\u00fcrzburg Umsatzsteueridentifikationsnummer gem\u00e4\u00df \u00a7 27 a Umsatzsteuergesetz: DE 174175484 SMOOJOE ist eine Marke der Fugen Franz GmbH Webdesign \u00b7 [&hellip;]<\/p>\n","protected":false},"author":1,"featured_media":0,"parent":0,"menu_order":80,"comment_status":"closed","ping_status":"closed","template":"","meta":{"footnotes":""},"class_list":["post-66","page","type-page","status-publish","hentry"],"yoast_head":"<!-- This site is optimized with the Yoast SEO plugin v27.3 - https:\/\/yoast.com\/product\/yoast-seo-wordpress\/ -->\n<title>Impressum &#8226; SMOOJOE &#8226; Gl\u00e4ttfix Tools<\/title>\n<meta name=\"description\" content=\"Impressum der Fugen Franz GmbH &#8226; Anbieter der Marke SMOOJOE und der Produktlinie Gl\u00e4ttfix Tools. Alle Pflichtangaben gem\u00e4\u00df \u00a7 5 TMG.\" \/>\n<meta name=\"robots\" content=\"index, follow, max-snippet:-1, max-image-preview:large, max-video-preview:-1\" \/>\n<link rel=\"canonical\" href=\"https:\/\/www.smoojoe.com\/en\/imprint\/\" \/>\n<meta property=\"og:locale\" content=\"en_US\" \/>\n<meta property=\"og:type\" content=\"article\" \/>\n<meta property=\"og:title\" content=\"Impressum &#8226; SMOOJOE &#8226; Gl\u00e4ttfix Tools\" \/>\n<meta property=\"og:description\" content=\"Impressum der Fugen Franz GmbH &#8226; Anbieter der Marke SMOOJOE und der Produktlinie Gl\u00e4ttfix Tools. Alle Pflichtangaben gem\u00e4\u00df \u00a7 5 TMG.\" \/>\n<meta property=\"og:url\" content=\"https:\/\/www.smoojoe.com\/en\/imprint\/\" \/>\n<meta property=\"og:site_name\" content=\"www.smoojoe.com\" \/>\n<meta property=\"article:modified_time\" content=\"2025-11-15T17:27:55+00:00\" \/>\n<meta property=\"og:image\" content=\"https:\/\/www.smoojoe.com\/wp-content\/uploads\/2025\/04\/Glaettfix_Original_mehrfarbig_1000x667.jpg\" \/>\n\t<meta property=\"og:image:width\" content=\"1000\" \/>\n\t<meta property=\"og:image:height\" content=\"667\" \/>\n\t<meta property=\"og:image:type\" content=\"image\/jpeg\" \/>\n<meta name=\"twitter:card\" content=\"summary_large_image\" \/>\n<meta name=\"twitter:label1\" content=\"Est. reading time\" \/>\n\t<meta name=\"twitter:data1\" content=\"2 minutes\" \/>\n<script type=\"application\/ld+json\" class=\"yoast-schema-graph\">{\"@context\":\"https:\\\/\\\/schema.org\",\"@graph\":[{\"@type\":\"WebPage\",\"@id\":\"https:\\\/\\\/www.smoojoe.com\\\/en\\\/imprint\\\/\",\"url\":\"https:\\\/\\\/www.smoojoe.com\\\/en\\\/imprint\\\/\",\"name\":\"Impressum &#8226; SMOOJOE &#8226; Gl\u00e4ttfix Tools\",\"isPartOf\":{\"@id\":\"https:\\\/\\\/www.smoojoe.com\\\/#website\"},\"datePublished\":\"2024-06-19T17:40:10+00:00\",\"dateModified\":\"2025-11-15T17:27:55+00:00\",\"description\":\"Impressum der Fugen Franz GmbH &#8226; Anbieter der Marke SMOOJOE und der Produktlinie Gl\u00e4ttfix Tools. Alle Pflichtangaben gem\u00e4\u00df \u00a7 5 TMG.\",\"breadcrumb\":{\"@id\":\"https:\\\/\\\/www.smoojoe.com\\\/en\\\/imprint\\\/#breadcrumb\"},\"inLanguage\":\"en-US\",\"potentialAction\":[{\"@type\":\"ReadAction\",\"target\":[\"https:\\\/\\\/www.smoojoe.com\\\/en\\\/imprint\\\/\"]}]},{\"@type\":\"BreadcrumbList\",\"@id\":\"https:\\\/\\\/www.smoojoe.com\\\/en\\\/imprint\\\/#breadcrumb\",\"itemListElement\":[{\"@type\":\"ListItem\",\"position\":1,\"name\":\"Startseite\",\"item\":\"https:\\\/\\\/www.smoojoe.com\\\/\"},{\"@type\":\"ListItem\",\"position\":2,\"name\":\"Impressum\"}]},{\"@type\":\"WebSite\",\"@id\":\"https:\\\/\\\/www.smoojoe.com\\\/#website\",\"url\":\"https:\\\/\\\/www.smoojoe.com\\\/\",\"name\":\"SMOOJOE\",\"description\":\"Gl\u00e4ttfix Tools \u2013 das Original f\u00fcr pr\u00e4zise Fugenarbeiten\",\"publisher\":{\"@id\":\"https:\\\/\\\/www.smoojoe.com\\\/#organization\"},\"alternateName\":\"SMOOJOE | Gl\u00e4ttfix Tools\",\"potentialAction\":[{\"@type\":\"SearchAction\",\"target\":{\"@type\":\"EntryPoint\",\"urlTemplate\":\"https:\\\/\\\/www.smoojoe.com\\\/?s={search_term_string}\"},\"query-input\":{\"@type\":\"PropertyValueSpecification\",\"valueRequired\":true,\"valueName\":\"search_term_string\"}}],\"inLanguage\":\"en-US\"},{\"@type\":\"Organization\",\"@id\":\"https:\\\/\\\/www.smoojoe.com\\\/#organization\",\"name\":\"SMOOJOE \u2013 Eine Marke der Fugen Franz GmbH\",\"url\":\"https:\\\/\\\/www.smoojoe.com\\\/\",\"logo\":{\"@type\":\"ImageObject\",\"inLanguage\":\"en-US\",\"@id\":\"https:\\\/\\\/www.smoojoe.com\\\/#\\\/schema\\\/logo\\\/image\\\/\",\"url\":\"https:\\\/\\\/smoojoe.eu\\\/wp-content\\\/uploads\\\/2025\\\/05\\\/SMOOJOE_Schriftzug-e1747490803510.png\",\"contentUrl\":\"https:\\\/\\\/smoojoe.eu\\\/wp-content\\\/uploads\\\/2025\\\/05\\\/SMOOJOE_Schriftzug-e1747490803510.png\",\"width\":700,\"height\":167,\"caption\":\"SMOOJOE \u2013 Eine Marke der Fugen Franz GmbH\"},\"image\":{\"@id\":\"https:\\\/\\\/www.smoojoe.com\\\/#\\\/schema\\\/logo\\\/image\\\/\"}}]}<\/script>\n<!-- \/ Yoast SEO plugin. -->","yoast_head_json":{"title":"Imprint - SMOOJOE - Gl\u00e4ttfix Tools","description":"Imprint of Fugen Franz GmbH - provider of the SMOOJOE brand and the Gl\u00e4ttfix Tools product line. All mandatory information according to \u00a7 5 TMG.","robots":{"index":"index","follow":"follow","max-snippet":"max-snippet:-1","max-image-preview":"max-image-preview:large","max-video-preview":"max-video-preview:-1"},"canonical":"https:\/\/www.smoojoe.com\/en\/imprint\/","og_locale":"en_US","og_type":"article","og_title":"Impressum &#8226; SMOOJOE &#8226; Gl\u00e4ttfix Tools","og_description":"Impressum der Fugen Franz GmbH &#8226; Anbieter der Marke SMOOJOE und der Produktlinie Gl\u00e4ttfix Tools. Alle Pflichtangaben gem\u00e4\u00df \u00a7 5 TMG.","og_url":"https:\/\/www.smoojoe.com\/en\/imprint\/","og_site_name":"www.smoojoe.com","article_modified_time":"2025-11-15T17:27:55+00:00","og_image":[{"width":1000,"height":667,"url":"https:\/\/www.smoojoe.com\/wp-content\/uploads\/2025\/04\/Glaettfix_Original_mehrfarbig_1000x667.jpg","type":"image\/jpeg"}],"twitter_card":"summary_large_image","twitter_misc":{"Est. reading time":"2 minutes"},"schema":{"@context":"https:\/\/schema.org","@graph":[{"@type":"WebPage","@id":"https:\/\/www.smoojoe.com\/en\/imprint\/","url":"https:\/\/www.smoojoe.com\/en\/imprint\/","name":"Imprint - SMOOJOE - Gl\u00e4ttfix Tools","isPartOf":{"@id":"https:\/\/www.smoojoe.com\/#website"},"datePublished":"2024-06-19T17:40:10+00:00","dateModified":"2025-11-15T17:27:55+00:00","description":"Imprint of Fugen Franz GmbH - provider of the SMOOJOE brand and the Gl\u00e4ttfix Tools product line. All mandatory information according to \u00a7 5 TMG.","breadcrumb":{"@id":"https:\/\/www.smoojoe.com\/en\/imprint\/#breadcrumb"},"inLanguage":"en-US","potentialAction":[{"@type":"ReadAction","target":["https:\/\/www.smoojoe.com\/en\/imprint\/"]}]},{"@type":"BreadcrumbList","@id":"https:\/\/www.smoojoe.com\/en\/imprint\/#breadcrumb","itemListElement":[{"@type":"ListItem","position":1,"name":"Startseite","item":"https:\/\/www.smoojoe.com\/"},{"@type":"ListItem","position":2,"name":"Impressum"}]},{"@type":"WebSite","@id":"https:\/\/www.smoojoe.com\/#website","url":"https:\/\/www.smoojoe.com\/","name":"SMOOJOE","description":"Gl\u00e4ttfix tools - the original for precise jointing work","publisher":{"@id":"https:\/\/www.smoojoe.com\/#organization"},"alternateName":"SMOOJOE | Gl\u00e4ttfix Tools","potentialAction":[{"@type":"SearchAction","target":{"@type":"EntryPoint","urlTemplate":"https:\/\/www.smoojoe.com\/?s={search_term_string}"},"query-input":{"@type":"PropertyValueSpecification","valueRequired":true,"valueName":"search_term_string"}}],"inLanguage":"en-US"},{"@type":"Organization","@id":"https:\/\/www.smoojoe.com\/#organization","name":"SMOOJOE - A brand of Fugen Franz GmbH","url":"https:\/\/www.smoojoe.com\/","logo":{"@type":"ImageObject","inLanguage":"en-US","@id":"https:\/\/www.smoojoe.com\/#\/schema\/logo\/image\/","url":"https:\/\/smoojoe.eu\/wp-content\/uploads\/2025\/05\/SMOOJOE_Schriftzug-e1747490803510.png","contentUrl":"https:\/\/smoojoe.eu\/wp-content\/uploads\/2025\/05\/SMOOJOE_Schriftzug-e1747490803510.png","width":700,"height":167,"caption":"SMOOJOE \u2013 Eine Marke der Fugen Franz GmbH"},"image":{"@id":"https:\/\/www.smoojoe.com\/#\/schema\/logo\/image\/"}}]}},"_links":{"self":[{"href":"https:\/\/www.smoojoe.com\/en\/wp-json\/wp\/v2\/pages\/66","targetHints":{"allow":["GET"]}}],"collection":[{"href":"https:\/\/www.smoojoe.com\/en\/wp-json\/wp\/v2\/pages"}],"about":[{"href":"https:\/\/www.smoojoe.com\/en\/wp-json\/wp\/v2\/types\/page"}],"author":[{"embeddable":true,"href":"https:\/\/www.smoojoe.com\/en\/wp-json\/wp\/v2\/users\/1"}],"replies":[{"embeddable":true,"href":"https:\/\/www.smoojoe.com\/en\/wp-json\/wp\/v2\/comments?post=66"}],"version-history":[{"count":10,"href":"https:\/\/www.smoojoe.com\/en\/wp-json\/wp\/v2\/pages\/66\/revisions"}],"predecessor-version":[{"id":26204,"href":"https:\/\/www.smoojoe.com\/en\/wp-json\/wp\/v2\/pages\/66\/revisions\/26204"}],"wp:attachment":[{"href":"https:\/\/www.smoojoe.com\/en\/wp-json\/wp\/v2\/media?parent=66"}],"curies":[{"name":"wp","href":"https:\/\/api.w.org\/{rel}","templated":true}]}}